{"id":58,"date":"2019-05-06T23:42:44","date_gmt":"2019-05-06T23:42:44","guid":{"rendered":"https:\/\/hultic2.qc2m.org\/?page_id=58"},"modified":"2022-07-11T13:30:39","modified_gmt":"2022-07-11T13:30:39","slug":"les-valeurs","status":"publish","type":"page","link":"https:\/\/hultic.qc2m.org\/?page_id=58","title":{"rendered":"Les valeurs"},"content":{"rendered":"\n<figure class=\"wp-block-image size-large\"><img data-recalc-dims=\"1\" loading=\"lazy\" decoding=\"async\" width=\"740\" height=\"492\" src=\"https:\/\/i0.wp.com\/hultic.qc2m.org\/wp-content\/uploads\/2019\/05\/dsc3958-copie-1.jpg?resize=740%2C492&#038;ssl=1\" alt=\"\" class=\"wp-image-95\" srcset=\"https:\/\/i0.wp.com\/hultic.qc2m.org\/wp-content\/uploads\/2019\/05\/dsc3958-copie-1.jpg?resize=1024%2C681&amp;ssl=1 1024w, https:\/\/i0.wp.com\/hultic.qc2m.org\/wp-content\/uploads\/2019\/05\/dsc3958-copie-1.jpg?resize=300%2C200&amp;ssl=1 300w, https:\/\/i0.wp.com\/hultic.qc2m.org\/wp-content\/uploads\/2019\/05\/dsc3958-copie-1.jpg?resize=768%2C511&amp;ssl=1 768w, https:\/\/i0.wp.com\/hultic.qc2m.org\/wp-content\/uploads\/2019\/05\/dsc3958-copie-1.jpg?resize=2000%2C1331&amp;ssl=1 2000w, https:\/\/i0.wp.com\/hultic.qc2m.org\/wp-content\/uploads\/2019\/05\/dsc3958-copie-1.jpg?w=1480&amp;ssl=1 1480w, https:\/\/i0.wp.com\/hultic.qc2m.org\/wp-content\/uploads\/2019\/05\/dsc3958-copie-1.jpg?w=2220&amp;ssl=1 2220w\" sizes=\"auto, (max-width: 740px) 100vw, 740px\" \/><\/figure>\n\n\n\n<h3 class=\"wp-block-heading\"><strong>CHARTE DE L\u2019ESPRIT DU JEU<\/strong><\/h3>\n\n\n\n<p>Vous souhaitez obtenir une licence aupr\u00e8s de la F\u00e9d\u00e9ration Fran\u00e7aise de Flying Disc afin de pouvoir participer \u00e0 l\u2019une de ses activit\u00e9s sportives. Vous devez \u00eatre conscient que l\u2019\u00e9thique de notre sport pr\u00f4ne le fair-play, la responsabilit\u00e9 des joueurs sur et en dehors du terrain, ainsi que le respect de tout ce qui concourt \u00e0 notre environnement sportif:<\/p>\n\n\n\n<p><strong><em>Extrait de l\u2019article 1-02 du R\u00e8glement de la World Flying Disc Federation :<\/em><\/strong><\/p>\n\n\n\n<p>\u00ab&nbsp;Les sports utilisant un disque volant sont par tradition rattach\u00e9s \u00e0 un esprit sportif qui rend chaque joueur responsable du fair-play. La haute comp\u00e9tition est encourag\u00e9e du moment que celle-ci ne se pratique pas au d\u00e9pens :<\/p>\n\n\n\n<ul class=\"wp-block-list\"><li>du respect mutuel entre les joueurs;<\/li><li>de l\u2019adh\u00e9sion aux diff\u00e9rentes r\u00e8gles de chacun des sports se pratiquant avec un disque) accept\u00e9es de tous;<\/li><li>de la simple joie de jouer.<\/li><\/ul>\n\n\n\n<p>L\u2019adh\u00e9sion \u00e0 ces principes essentiels contribue \u00e0 l\u2019\u00e9limination des affrontements sur les terrains de jeux. La responsabilit\u00e9 du maintien de cet esprit reste du ressort de chaque joueur.&nbsp;\u00bb<\/p>\n\n\n\n<p>L\u2019article 1-08 de ce m\u00eame r\u00e8glement pr\u00e9cise que sur nos aires de jeux et leurs environnements n\u2019est pas admissible :<\/p>\n\n\n\n<ul class=\"wp-block-list\"><li>un comportement violent, obsc\u00e8ne, abusif, ou ill\u00e9gal;<\/li><li>toute insulte;<\/li><li>d\u2019essayer de cr\u00e9er un avantage pour soi-m\u00eame ou un d\u00e9savantage pour les autres en d\u00e9tournant les r\u00e8gles;<\/li><li>tout \u00e9cart de langage excessif, toute brutalit\u00e9, et tout ce qui emp\u00eache le bon d\u00e9roulement de la comp\u00e9tition que ce soit envers les autres joueurs, les officiels ou les spectateurs.<\/li><\/ul>\n\n\n\n<p>Il vous faut constamment avoir \u00e0 l\u2019esprit que vous ne jouez jamais contre des adversaires mais avec des partenaires et qu\u2019il est imp\u00e9ratif et plus ludique d\u2019\u00eatre plus fort sportivement, techniquement, tactiquement, mentalement ou physiquement, que de tout autre fa\u00e7on.<br>De m\u00eame, participer \u00e0 l\u2019une des activit\u00e9s sportives de la FFFD implique le respect des installations sportives mises \u00e0 sa disposition.<\/p>\n\n\n\n<p>Si vous n\u2019acceptez pas les \u00e9l\u00e9ments fix\u00e9s dans cette charte, arr\u00eatez ici toute d\u00e9marche pour \u00eatre licenci\u00e9 aupr\u00e8s de la FFFD.<br>Si vous les acceptez, vous passez un contrat moral avec la FFFD.<br>Tout manquement \u00e0 cette parole donn\u00e9e vous exclut, de vous-m\u00eame, de la FFFD.<\/p>\n\n\n\n<h3 class=\"wp-block-heading\"><strong>D\u00c9ONTOLOGIE<\/strong><\/h3>\n\n\n\n<p>Parce que les sports de Flying Disc pr\u00f4nent le dialogue et la tol\u00e9rance et parce que la violence n\u2019a pas sa place dans le sport : <a href=\"https:\/\/www.ffdf.fr\/prevention-violences-sport\/\"><strong>Z\u00c9RO TOL\u00c9RANCE POUR LES VIOLENCES<\/strong><\/a><\/p>\n\n\n\n<p><em>Source : <a rel=\"noreferrer noopener\" href=\"https:\/\/www.ff-flyingdisc.fr\" target=\"_blank\">https:\/\/www.ff-flyingdisc.fr<\/a><\/em><\/p>\n","protected":false},"excerpt":{"rendered":"<p>CHARTE DE L\u2019ESPRIT DU JEU Vous souhaitez obtenir une licence aupr\u00e8s de la F\u00e9d\u00e9ration Fran\u00e7aise de Flying Disc afin de pouvoir participer \u00e0 l\u2019une de ses activit\u00e9s sportives. Vous devez \u00eatre conscient que l\u2019\u00e9thique de notre sport pr\u00f4ne le fair-play, la responsabilit\u00e9 des joueurs sur et en dehors du terrain, ainsi que le respect de &hellip; <a href=\"https:\/\/hultic.qc2m.org\/?page_id=58\" class=\"more-link\">Lire la suite <span class=\"screen-reader-text\">Les valeurs<\/span><\/a><\/p>\n","protected":false},"author":1,"featured_media":0,"parent":52,"menu_order":0,"comment_status":"closed","ping_status":"closed","template":"","meta":{"jetpack_post_was_ever_published":false,"footnotes":""},"class_list":["post-58","page","type-page","status-publish","hentry"],"jetpack_sharing_enabled":true,"jetpack_shortlink":"https:\/\/wp.me\/PaVTNd-W","_links":{"self":[{"href":"https:\/\/hultic.qc2m.org\/index.php?rest_route=\/wp\/v2\/pages\/58","targetHints":{"allow":["GET"]}}],"collection":[{"href":"https:\/\/hultic.qc2m.org\/index.php?rest_route=\/wp\/v2\/pages"}],"about":[{"href":"https:\/\/hultic.qc2m.org\/index.php?rest_route=\/wp\/v2\/types\/page"}],"author":[{"embeddable":true,"href":"https:\/\/hultic.qc2m.org\/index.php?rest_route=\/wp\/v2\/users\/1"}],"replies":[{"embeddable":true,"href":"https:\/\/hultic.qc2m.org\/index.php?rest_route=%2Fwp%2Fv2%2Fcomments&post=58"}],"version-history":[{"count":8,"href":"https:\/\/hultic.qc2m.org\/index.php?rest_route=\/wp\/v2\/pages\/58\/revisions"}],"predecessor-version":[{"id":367,"href":"https:\/\/hultic.qc2m.org\/index.php?rest_route=\/wp\/v2\/pages\/58\/revisions\/367"}],"up":[{"embeddable":true,"href":"https:\/\/hultic.qc2m.org\/index.php?rest_route=\/wp\/v2\/pages\/52"}],"wp:attachment":[{"href":"https:\/\/hultic.qc2m.org\/index.php?rest_route=%2Fwp%2Fv2%2Fmedia&parent=58"}],"curies":[{"name":"wp","href":"https:\/\/api.w.org\/{rel}","templated":true}]}}