{"id":56,"date":"2019-05-06T23:42:44","date_gmt":"2019-05-06T23:42:44","guid":{"rendered":"https:\/\/hultic2.qc2m.org\/?page_id=56"},"modified":"2025-09-16T10:57:49","modified_gmt":"2025-09-16T10:57:49","slug":"contact","status":"publish","type":"page","link":"https:\/\/hultic.qc2m.org\/?page_id=56","title":{"rendered":"CONTACT"},"content":{"rendered":"\n<p>Contactez-nous :<\/p>\n\n\n\n<ul class=\"wp-block-list\">\n<li>par t\u00e9l\u00e9phone : Armande THIBAULT (pr\u00e9sidente) \u2013 06 67 80 05 24<\/li>\n\n\n\n<li>par e-mail sur : <a href=\"mailto:hultic.lehavre@gmail.com\">hultic.lehavre@gmail.com<\/a><\/li>\n\n\n\n<li>via <a href=\"https:\/\/www.facebook.com\/HULTIC\/\">Facebook<\/a><\/li>\n\n\n\n<li>via <a href=\"https:\/\/www.instagram.com\/hultic_le_havre\/\">Instagram<\/a><\/li>\n\n\n\n<li>via le formulaire suivant :<\/li>\n<\/ul>\n\n\n<div class=\"wp-block-jetpack-contact-form is-layout-flex wp-container-jetpack-contact-form-is-layout-faa3ad1c wp-block-contact-form-is-layout-flex\"><a href=\"https:\/\/hultic.qc2m.org\/?page_id=56\" target=\"_blank\" rel=\"noopener noreferrer\">Soumettre un formulaire.<\/a><\/div>","protected":false},"excerpt":{"rendered":"<p>Contactez-nous :<\/p>\n","protected":false},"author":1,"featured_media":0,"parent":0,"menu_order":0,"comment_status":"closed","ping_status":"closed","template":"","meta":{"jetpack_post_was_ever_published":false,"footnotes":""},"class_list":["post-56","page","type-page","status-publish","hentry"],"jetpack_sharing_enabled":true,"jetpack_shortlink":"https:\/\/wp.me\/PaVTNd-U","_links":{"self":[{"href":"https:\/\/hultic.qc2m.org\/index.php?rest_route=\/wp\/v2\/pages\/56","targetHints":{"allow":["GET"]}}],"collection":[{"href":"https:\/\/hultic.qc2m.org\/index.php?rest_route=\/wp\/v2\/pages"}],"about":[{"href":"https:\/\/hultic.qc2m.org\/index.php?rest_route=\/wp\/v2\/types\/page"}],"author":[{"embeddable":true,"href":"https:\/\/hultic.qc2m.org\/index.php?rest_route=\/wp\/v2\/users\/1"}],"replies":[{"embeddable":true,"href":"https:\/\/hultic.qc2m.org\/index.php?rest_route=%2Fwp%2Fv2%2Fcomments&post=56"}],"version-history":[{"count":11,"href":"https:\/\/hultic.qc2m.org\/index.php?rest_route=\/wp\/v2\/pages\/56\/revisions"}],"predecessor-version":[{"id":542,"href":"https:\/\/hultic.qc2m.org\/index.php?rest_route=\/wp\/v2\/pages\/56\/revisions\/542"}],"wp:attachment":[{"href":"https:\/\/hultic.qc2m.org\/index.php?rest_route=%2Fwp%2Fv2%2Fmedia&parent=56"}],"curies":[{"name":"wp","href":"https:\/\/api.w.org\/{rel}","templated":true}]}}