{"id":403,"date":"2022-07-11T14:26:22","date_gmt":"2022-07-11T14:26:22","guid":{"rendered":"https:\/\/hultic.qc2m.org\/?page_id=403"},"modified":"2022-07-11T14:38:25","modified_gmt":"2022-07-11T14:38:25","slug":"contrat-dengagement-republicain","status":"publish","type":"page","link":"https:\/\/hultic.qc2m.org\/?page_id=403","title":{"rendered":"Contrat d\u2019engagement r\u00e9publicain"},"content":{"rendered":"\n<p>L&rsquo;association HULTIC souscrit au contrat d\u2019engagement r\u00e9publicain annex\u00e9 au d\u00e9cret n\u00b0 2021-1947 du 31\u00a0d\u00e9cembre 2021 pris pour l\u2019application de l\u2019article 10-1 de la loi n\u00b0 2000-321 du 12 avril 2000 relative aux droits des citoyens dans leurs relations avec les administrations.<br>Le club veille \u00e0 ce que le contrat d\u00e9taill\u00e9 ci-dessous soit respect\u00e9 par ses dirigeants, ses membres et par ses b\u00e9n\u00e9voles.<\/p>\n\n\n\n<h3 class=\"wp-block-heading\"><strong>ANNEXE<br>CONTRAT D&rsquo;ENGAGEMENT R\u00c9PUBLICAIN DES ASSOCIATIONS ET FONDATIONS B\u00c9N\u00c9FICIANT DE SUBVENTIONS PUBLIQUES OU D&rsquo;UN AGR\u00c9MENT DE L&rsquo;\u00c9TAT<\/strong><\/h3>\n\n\n\n<p>L&rsquo;importance des associations et des fondations dans la vie de la Nation et leur contribution \u00e0 l&rsquo;int\u00e9r\u00eat g\u00e9n\u00e9ral justifient que les autorit\u00e9s administratives d\u00e9cident de leur apporter un soutien financier ou mat\u00e9riel. Il en va de m\u00eame pour les f\u00e9d\u00e9rations sportives et les ligues professionnelles. L&rsquo;administration, qui doit elle-m\u00eame rendre des comptes aux citoyens, justifier du bon usage des deniers publics et de la reconnaissance qu&rsquo;elle peut attribuer, est fond\u00e9e \u00e0 s&rsquo;assurer que les organismes b\u00e9n\u00e9ficiaires de subventions publiques ou d&rsquo;un agr\u00e9ment respectent le pacte r\u00e9publicain.<br>A cette fin la <a href=\"https:\/\/www.legifrance.gouv.fr\/affichTexte.do?cidTexte=JORFTEXT000043964778&amp;categorieLien=cid\">loi n\u00b0 2021-1109 du 24 ao\u00fbt 2021<\/a> confortant le respect des principes de la R\u00e9publique a institu\u00e9 le contrat d&rsquo;engagement r\u00e9publicain.<br>Conform\u00e9ment aux dispositions des articles <a href=\"https:\/\/www.legifrance.gouv.fr\/affichTexteArticle.do?cidTexte=JORFTEXT000000215117&amp;idArticle=LEGIARTI000043970265&amp;dateTexte=&amp;categorieLien=cid\">10-1<\/a> et <a href=\"https:\/\/www.legifrance.gouv.fr\/affichTexteArticle.do?cidTexte=JORFTEXT000000215117&amp;idArticle=LEGIARTI000025576286&amp;dateTexte=&amp;categorieLien=cid\">25-1<\/a> de la loi n\u00b0 2000-321 du 12 avril 2000 relative aux droits des citoyens dans leurs relations avec les administrations, le pr\u00e9sent contrat a pour objet de pr\u00e9ciser les engagements que prend toute association ou fondation qui sollicite une subvention publique ou un agr\u00e9ment de l&rsquo;Etat. Ainsi, l&rsquo;association ou la fondation \u00ab s&rsquo;engage (\u2026) \u00e0 respecter les principes de libert\u00e9, d&rsquo;\u00e9galit\u00e9, de fraternit\u00e9 et de dignit\u00e9 de la personne humaine ainsi que les symboles de la R\u00e9publique (\u2026) \u00bb, \u00ab \u00e0 ne pas remettre en cause le caract\u00e8re la\u00efque de la R\u00e9publique \u00bb et \u00ab \u00e0 s&rsquo;abstenir de toute action portant atteinte \u00e0 l&rsquo;ordre public \u00bb.<br>Ces engagements sont souscrits dans le respect des libert\u00e9s constitutionnellement reconnues, notamment la libert\u00e9 d&rsquo;association et la libert\u00e9 d&rsquo;expression dont d\u00e9coulent la libert\u00e9 de se r\u00e9unir, de manifester et de cr\u00e9ation.<\/p>\n\n\n\n<h4 class=\"wp-block-heading\">ENGAGEMENT N\u00b0 1 : RESPECT DES LOIS DE LA R\u00c9PUBLIQUE<\/h4>\n\n\n\n<p>Le respect des lois de la R\u00e9publique s&rsquo;impose aux associations et aux fondations, qui ne doivent entreprendre ni inciter \u00e0 aucune action manifestement contraire \u00e0 la loi, violente ou susceptible d&rsquo;entra\u00eener des troubles graves \u00e0 l&rsquo;ordre public.<br>L&rsquo;association ou la fondation b\u00e9n\u00e9ficiaire s&rsquo;engage \u00e0 ne pas se pr\u00e9valoir de convictions politiques, philosophiques ou religieuses pour s&rsquo;affranchir des r\u00e8gles communes r\u00e9gissant ses relations avec les collectivit\u00e9s publiques.<br>Elle s&rsquo;engage notamment \u00e0 ne pas remettre en cause le caract\u00e8re la\u00efque de la R\u00e9publique.<\/p>\n\n\n\n<h4 class=\"wp-block-heading\">ENGAGEMENT N\u00b0 2 : LIBERT\u00c9 DE CONSCIENCE<\/h4>\n\n\n\n<p>L&rsquo;association ou la fondation s&rsquo;engage \u00e0 respecter et prot\u00e9ger la libert\u00e9 de conscience de ses membres et des tiers, notamment des b\u00e9n\u00e9ficiaires de ses services, et s&rsquo;abstient de tout acte de pros\u00e9lytisme abusif exerc\u00e9 notamment sous la contrainte, la menace ou la pression.<br>Cet engagement ne fait pas obstacle \u00e0 ce que les associations ou fondations dont l&rsquo;objet est fond\u00e9 sur des convictions, notamment religieuses, requi\u00e8rent de leurs membres une adh\u00e9sion loyale \u00e0 l&rsquo;\u00e9gard des valeurs ou des croyances de l&rsquo;organisation.<\/p>\n\n\n\n<h4 class=\"wp-block-heading\">ENGAGEMENT N\u00b0 3 : LIBERT\u00c9 DES MEMBRES DE L&rsquo;ASSOCIATION<\/h4>\n\n\n\n<p>L&rsquo;association s&rsquo;engage \u00e0 respecter la libert\u00e9 de ses membres de s&rsquo;en retirer dans les conditions pr\u00e9vues \u00e0 l&rsquo;article 4 de la loi du 1er juillet 1901 et leur droit de ne pas en \u00eatre arbitrairement exclu.<\/p>\n\n\n\n<h4 class=\"wp-block-heading\">ENGAGEMENT N\u00b0 4 : \u00c9GALIT\u00c9 ET NON-DISCRIMINATION<\/h4>\n\n\n\n<p>L&rsquo;association ou la fondation s&rsquo;engage \u00e0 respecter l&rsquo;\u00e9galit\u00e9 de tous devant la loi.<br>Elle s&rsquo;engage, dans son fonctionnement interne comme dans ses rapports avec les tiers, \u00e0 ne pas op\u00e9rer de diff\u00e9rences de traitement fond\u00e9es sur le sexe, l&rsquo;orientation sexuelle, l&rsquo;identit\u00e9 de genre, l&rsquo;appartenance r\u00e9elle ou suppos\u00e9e \u00e0 une ethnie, une Nation, une pr\u00e9tendue race ou une religion d\u00e9termin\u00e9e qui ne reposeraient pas sur une diff\u00e9rence de situation objective en rapport avec l&rsquo;objet statutaire licite qu&rsquo;elle poursuit, ni cautionner ou encourager de telles discriminations.<br>Elle prend les mesures, compte tenu des moyens dont elle dispose, permettant de lutter contre toute forme de violence \u00e0 caract\u00e8re sexuel ou sexiste.<\/p>\n\n\n\n<h4 class=\"wp-block-heading\">ENGAGEMENT N\u00b0 5 : FRATERNIT\u00c9 ET PREVENTION DE LA VIOLENCE<\/h4>\n\n\n\n<p>L&rsquo;association ou la fondation s&rsquo;engage \u00e0 agir dans un esprit de fraternit\u00e9 et de civisme.<br>Dans son activit\u00e9, dans son fonctionnement interne comme dans ses rapports avec les tiers, l&rsquo;association s&rsquo;engage \u00e0 ne pas provoquer \u00e0 la haine ou \u00e0 la violence envers quiconque et \u00e0 ne pas cautionner de tels agissements. Elle s&rsquo;engage \u00e0 rejeter toutes formes de racisme et d&rsquo;antis\u00e9mitisme.<\/p>\n\n\n\n<h4 class=\"wp-block-heading\">ENGAGEMENT N\u00b0 6 : RESPECT DE LA DIGNIT\u00c9 DE LA PERSONNE HUMAINE<\/h4>\n\n\n\n<p>L&rsquo;association ou la fondation s&rsquo;engage \u00e0 n&rsquo;entreprendre, ne soutenir, ni cautionner aucune action de nature \u00e0 porter atteinte \u00e0 la sauvegarde de la dignit\u00e9 de la personne humaine.<br>Elle s&rsquo;engage \u00e0 respecter les lois et r\u00e8glements en vigueur destin\u00e9s \u00e0 prot\u00e9ger la sant\u00e9 et l&rsquo;int\u00e9grit\u00e9 physique et psychique de ses membres et des b\u00e9n\u00e9ficiaires de ses services et ses activit\u00e9s, et \u00e0 ne pas mettre en danger la vie d&rsquo;autrui par ses agissements ou sa n\u00e9gligence.<br>Elle s&rsquo;engage \u00e0 ne pas cr\u00e9er, maintenir ou exploiter la vuln\u00e9rabilit\u00e9 psychologique ou physique de ses membres et des personnes qui participent \u00e0 ses activit\u00e9s \u00e0 quelque titre que ce soit, notamment des personnes en situation de handicap, que ce soit par des pressions ou des tentatives d&rsquo;endoctrinement.<br>Elle s&rsquo;engage en particulier \u00e0 n&rsquo;entreprendre aucune action de nature \u00e0 compromettre le d\u00e9veloppement physique, affectif, intellectuel et social des mineurs, ainsi que leur sant\u00e9 et leur s\u00e9curit\u00e9.<\/p>\n\n\n\n<h4 class=\"wp-block-heading\">ENGAGEMENT N\u00b0 7 : RESPECT DES SYMBOLES DE LA R\u00c9PUBLIQUE<\/h4>\n\n\n\n<p>L&rsquo;association s&rsquo;engage \u00e0 respecter le drapeau tricolore, l&rsquo;hymne national, et la devise de la R\u00e9publique.<\/p>\n","protected":false},"excerpt":{"rendered":"<p>L&rsquo;association HULTIC souscrit au contrat d\u2019engagement r\u00e9publicain annex\u00e9 au d\u00e9cret n\u00b0 2021-1947 du 31\u00a0d\u00e9cembre 2021 pris pour l\u2019application de l\u2019article 10-1 de la loi n\u00b0 2000-321 du 12 avril 2000 relative aux droits des citoyens dans leurs relations avec les administrations.Le club veille \u00e0 ce que le contrat d\u00e9taill\u00e9 ci-dessous soit respect\u00e9 par ses dirigeants, &hellip; <a href=\"https:\/\/hultic.qc2m.org\/?page_id=403\" class=\"more-link\">Lire la suite <span class=\"screen-reader-text\">Contrat d\u2019engagement r\u00e9publicain<\/span><\/a><\/p>\n","protected":false},"author":3,"featured_media":0,"parent":0,"menu_order":0,"comment_status":"closed","ping_status":"closed","template":"","meta":{"jetpack_post_was_ever_published":false,"footnotes":""},"class_list":["post-403","page","type-page","status-publish","hentry"],"jetpack_sharing_enabled":true,"jetpack_shortlink":"https:\/\/wp.me\/PaVTNd-6v","_links":{"self":[{"href":"https:\/\/hultic.qc2m.org\/index.php?rest_route=\/wp\/v2\/pages\/403","targetHints":{"allow":["GET"]}}],"collection":[{"href":"https:\/\/hultic.qc2m.org\/index.php?rest_route=\/wp\/v2\/pages"}],"about":[{"href":"https:\/\/hultic.qc2m.org\/index.php?rest_route=\/wp\/v2\/types\/page"}],"author":[{"embeddable":true,"href":"https:\/\/hultic.qc2m.org\/index.php?rest_route=\/wp\/v2\/users\/3"}],"replies":[{"embeddable":true,"href":"https:\/\/hultic.qc2m.org\/index.php?rest_route=%2Fwp%2Fv2%2Fcomments&post=403"}],"version-history":[{"count":7,"href":"https:\/\/hultic.qc2m.org\/index.php?rest_route=\/wp\/v2\/pages\/403\/revisions"}],"predecessor-version":[{"id":415,"href":"https:\/\/hultic.qc2m.org\/index.php?rest_route=\/wp\/v2\/pages\/403\/revisions\/415"}],"wp:attachment":[{"href":"https:\/\/hultic.qc2m.org\/index.php?rest_route=%2Fwp%2Fv2%2Fmedia&parent=403"}],"curies":[{"name":"wp","href":"https:\/\/api.w.org\/{rel}","templated":true}]}}